{"id":43,"date":"2017-05-24T17:35:22","date_gmt":"2017-05-24T17:35:22","guid":{"rendered":"http:\/\/localhost\/medical-way-plus\/?page_id=43"},"modified":"2019-10-31T18:30:10","modified_gmt":"2019-10-31T17:30:10","slug":"meet-the-medical-way-specialists-doctors","status":"publish","type":"page","link":"http:\/\/zahnarztpraxis-berlin-rudow.de\/main\/?page_id=43","title":{"rendered":"UNSER TEAM"},"content":{"rendered":"<div id=\"team\">Wir freuen uns, Sie in unseren vier Behandlungsr\u00e4umen begr\u00fc\u00dfen zu d\u00fcrfen.<\/div>\n","protected":false},"excerpt":{"rendered":"<p>Wir freuen uns, Sie in unseren vier Behandlungsr\u00e4umen begr\u00fc\u00dfen zu d\u00fcrfen.<\/p>\n","protected":false},"author":1,"featured_media":0,"parent":0,"menu_order":0,"comment_status":"closed","ping_status":"closed","template":"templates\/team.php","meta":{"footnotes":""},"_links":{"self":[{"href":"http:\/\/zahnarztpraxis-berlin-rudow.de\/main\/index.php?rest_route=\/wp\/v2\/pages\/43"}],"collection":[{"href":"http:\/\/zahnarztpraxis-berlin-rudow.de\/main\/index.php?rest_route=\/wp\/v2\/pages"}],"about":[{"href":"http:\/\/zahnarztpraxis-berlin-rudow.de\/main\/index.php?rest_route=\/wp\/v2\/types\/page"}],"author":[{"embeddable":true,"href":"http:\/\/zahnarztpraxis-berlin-rudow.de\/main\/index.php?rest_route=\/wp\/v2\/users\/1"}],"replies":[{"embeddable":true,"href":"http:\/\/zahnarztpraxis-berlin-rudow.de\/main\/index.php?rest_route=%2Fwp%2Fv2%2Fcomments&post=43"}],"version-history":[{"count":12,"href":"http:\/\/zahnarztpraxis-berlin-rudow.de\/main\/index.php?rest_route=\/wp\/v2\/pages\/43\/revisions"}],"predecessor-version":[{"id":744,"href":"http:\/\/zahnarztpraxis-berlin-rudow.de\/main\/index.php?rest_route=\/wp\/v2\/pages\/43\/revisions\/744"}],"wp:attachment":[{"href":"http:\/\/zahnarztpraxis-berlin-rudow.de\/main\/index.php?rest_route=%2Fwp%2Fv2%2Fmedia&parent=43"}],"curies":[{"name":"wp","href":"https:\/\/api.w.org\/{rel}","templated":true}]}}